{"id":29,"date":"2025-09-22T11:12:32","date_gmt":"2025-09-22T11:12:32","guid":{"rendered":"https:\/\/dauson.com.vn\/?page_id=29"},"modified":"2025-09-28T08:50:07","modified_gmt":"2025-09-28T08:50:07","slug":"ve-chung-toi","status":"publish","type":"page","link":"https:\/\/dauson.com.vn\/index.php\/ve-chung-toi\/","title":{"rendered":"V\u1ec1 ch\u00fang t\u00f4i"},"content":{"rendered":"\n\n  <div class=\"banner has-hover\" id=\"banner-2065465449\">\n          <div class=\"banner-inner fill\">\n        <div class=\"banner-bg fill\" >\n            <img loading=\"lazy\" decoding=\"async\" width=\"1020\" height=\"680\" src=\"https:\/\/dauson.com.vn\/wp-content\/uploads\/2025\/09\/pexels-quang-nguyen-vinh-222549-2175270-1024x683.jpg\" class=\"bg attachment-large size-large\" alt=\"\" \/>                                    \n                    <\/div>\n\t\t\n        <div class=\"banner-layers container\">\n            <div class=\"fill banner-link\"><\/div>            \n\n   <div id=\"text-box-348414926\" class=\"text-box banner-layer x50 md-x50 lg-x50 y50 md-y50 lg-y50 res-text\">\n                                <div class=\"text-box-content text dark\">\n              \n              <div class=\"text-inner text-center\">\n                  \n\n<h3 class=\"uppercase\"><strong>t\u00f4n d\u00e1ng vi\u1ec7t &#8211; gi\u1eef n\u00e9t xu\u00e2n<\/strong><\/h3>\n<p>\u00a0<\/p>\n\n              <\/div>\n           <\/div>\n                            \n<style>\n#text-box-348414926 {\n  width: 60%;\n}\n#text-box-348414926 .text-box-content {\n  font-size: 100%;\n}\n<\/style>\n    <\/div>\n \n\n        <\/div>\n      <\/div>\n\n            \n<style>\n#banner-2065465449 {\n  padding-top: 500px;\n}\n<\/style>\n  <\/div>\n\n\n<h2 class=\"uppercase\">\u00a0<\/h2>\n<p>T\u00f4i v\u1eabn nh\u1edb r\u00f5 c\u00e1i c\u1ea3m gi\u00e1c h\u1ed3i h\u1ed9p, xen l\u1eabn ki\u00eau h\u00e3nh khi m\u1eb9 d\u1eabn t\u00f4i \u0111i may chi\u1ebfc <b>\u00e1o d\u00e0i l\u1ee5a tr\u1eafng<\/b> \u0111\u1ea7u ti\u00ean, ngay tr\u01b0\u1edbc th\u1ec1m n\u0103m h\u1ecdc c\u1ea5p Ba. \u0110\u1ee9ng tr\u01b0\u1edbc g\u01b0\u01a1ng, nh\u00ecn th\u1ea5y h\u00ecnh \u1ea3nh m\u1ed9t thi\u1ebfu n\u1eef duy\u00ean d\u00e1ng, t\u00e0 \u00e1o th\u01b0\u1edbt tha \u00f4m tr\u1ecdn v\u00f3c d\u00e1ng, t\u00f4i ch\u1ee3t nh\u1eadn ra m\u00ecnh \u0111\u00e3 l\u1edbn. Gi\u00e2y ph\u00fat \u1ea5y, chi\u1ebfc \u00e1o d\u00e0i kh\u00f4ng ch\u1ec9 l\u00e0 \u0111\u1ed3ng ph\u1ee5c, m\u00e0 l\u00e0 <b>d\u1ea5u hi\u1ec7u \u0111\u1ea7u ti\u00ean c\u1ee7a s\u1ef1 tr\u01b0\u1edfng th\u00e0nh<\/b> \u2013 m\u1ed9t ni\u1ec1m t\u1ef1 h\u00e0o thu\u1ea7n khi\u1ebft, thanh cao v\u1ec1 v\u1ebb \u0111\u1eb9p ng\u01b0\u1eddi con g\u00e1i Vi\u1ec7t.<\/p>\n<p>Su\u1ed1t h\u00e0nh tr\u00ecnh cu\u1ed9c \u0111\u1eddi, chi\u1ebfc \u00e1o d\u00e0i lu\u00f4n l\u00e0 ng\u01b0\u1eddi b\u1ea1n \u0111\u1ed3ng h\u00e0nh th\u1ea7m l\u1eb7ng, ch\u1ee9ng ki\u1ebfn m\u1ecdi c\u1ed9t m\u1ed1c vinh quang:<\/p>\n<ul>\n<li>\n<p>N\u00f3 c\u00f9ng t\u00f4i r\u1ea1ng r\u1ee1 nh\u1eadn b\u1eb1ng t\u1ed1t nghi\u1ec7p, ghi l\u1ea1i kho\u1ea3nh kh\u1eafc mi\u1ec7t m\u00e0i h\u1ecdc t\u1eadp \u0111\u01b0\u1ee3c \u0111\u1ec1n \u0111\u00e1p.<\/p>\n<\/li>\n<li>\n<p>N\u00f3 gi\u00fap t\u00f4i t\u1ef1 tin, thanh l\u1ecbch trong bu\u1ed5i h\u1ecdp quan tr\u1ecdng \u0111\u1ea7u ti\u00ean, kh\u1eb3ng \u0111\u1ecbnh gi\u00e1 tr\u1ecb v\u00e0 n\u0103ng l\u1ef1c c\u1ee7a b\u1ea3n th\u00e2n.<\/p>\n<\/li>\n<li>\n<p>V\u00e0 n\u00f3 c\u00f9ng t\u00f4i \u0111\u00f3n Xu\u00e2n, mang theo h\u01a1i \u1ea5m truy\u1ec1n th\u1ed1ng v\u00e0 ni\u1ec1m hy v\u1ecdng v\u1ec1 m\u1ed9t n\u0103m m\u1edbi an l\u00e0nh.<\/p>\n<\/li>\n<\/ul>\n<p>M\u1ed7i l\u1ea7n kho\u00e1c l\u00ean m\u00ecnh t\u00e0 \u00e1o d\u00e0i, t\u00f4i l\u1ea1i c\u1ea3m th\u1ea5y <b>tr\u1ecdn v\u1eb9n v\u00e0 ki\u00eau h\u00e3nh<\/b> h\u01a1n bao gi\u1edd h\u1ebft. Chi\u1ebfc \u00e1o nh\u1eafc nh\u1edf t\u00f4i v\u1ec1 ngu\u1ed3n c\u1ed9i, v\u1ec1 s\u1ef1 duy\u00ean d\u00e1ng v\u00e0 s\u1ee9c m\u1ea1nh n\u1ed9i t\u1ea1i c\u1ee7a ng\u01b0\u1eddi ph\u1ee5 n\u1eef Vi\u1ec7t Nam.<\/p>\n<p>Ch\u00ednh t\u1eeb \u00fd th\u1ee9c s\u00e2u s\u1eafc \u0111\u00f3, <b>D\u1ea5u Son ra \u0111\u1eddi.<\/b><\/p>\n<p>Ch\u00fang t\u00f4i kh\u00f4ng ch\u1ec9 kinh doanh trang ph\u1ee5c. Ch\u00fang t\u00f4i mang s\u1ee9 m\u1ec7nh tr\u1edf th\u00e0nh n\u01a1i t\u00f4n vinh nh\u1eefng gi\u00e1 tr\u1ecb t\u1ed1t \u0111\u1eb9p \u1ea5y. D\u1ea5u Son th\u1ea5u hi\u1ec3u r\u1eb1ng, ng\u01b0\u1eddi ph\u1ee5 n\u1eef hi\u1ec7n \u0111\u1ea1i c\u1ea7n m\u1ed9t t\u00e0 \u00e1o d\u00e0i <b>v\u1eeba gi\u1eef n\u00e9t truy\u1ec1n th\u1ed1ng, v\u1eeba tr\u1ebb trung, ch\u1ea5t l\u01b0\u1ee3ng<\/b>, gi\u00fap h\u1ecd t\u1ef1 tin th\u1ec3 hi\u1ec7n c\u00e1 t\u00ednh ri\u00eang m\u00e0 v\u1eabn gi\u1eef \u0111\u01b0\u1ee3c s\u1ef1 thanh l\u1ecbch.<\/p>\n<p><b>D\u1ea5u Son<\/b> l\u00e0 l\u1eddi cam k\u1ebft \u0111\u1ed3ng h\u00e0nh c\u00f9ng b\u1ea1n, gi\u00fap b\u1ea1n l\u1ef1a ch\u1ecdn phi\u00ean b\u1ea3n \u0111\u1eb9p nh\u1ea5t, t\u1ef1 tin nh\u1ea5t c\u1ee7a ch\u00ednh m\u00ecnh \u0111\u1ec3 ghi l\u1ea1i m\u1ecdi <b>&#8220;d\u1ea5u son&#8221;<\/b> quan tr\u1ecdng trong cu\u1ed9c \u0111\u1eddi. M\u1ed7i chi\u1ebfc \u00e1o d\u00e0i t\u1eeb D\u1ea5u Son \u0111\u1ec1u l\u00e0 m\u1ed9t l\u1eddi k\u1ec3 \u2013 m\u1ed9t l\u1eddi nh\u1eafn nh\u1ee7 y\u00eau th\u01b0\u01a1ng b\u1ea3n th\u00e2n v\u00e0 t\u1ef1 h\u00e0o v\u1ec1 ch\u00ednh m\u00ecnh.<\/p>\n<div class=\"container section-title-container\" ><h3 class=\"section-title section-title-center\"><b aria-hidden=\"true\"><\/b><span class=\"section-title-main\" >Mua h\u00e0ng<\/span><b aria-hidden=\"true\"><\/b><\/h3><\/div>\n\n\n  \n    <div class=\"row large-columns-4 medium-columns-3 small-columns-2 row-small slider row-slider slider-nav-circle\"  data-flickity-options='{&quot;imagesLoaded&quot;: true, &quot;groupCells&quot;: &quot;100%&quot;, &quot;dragThreshold&quot; : 5, &quot;cellAlign&quot;: &quot;left&quot;,&quot;wrapAround&quot;: true,&quot;prevNextButtons&quot;: true,&quot;percentPosition&quot;: true,&quot;pageDots&quot;: false, &quot;rightToLeft&quot;: false, &quot;autoPlay&quot; : false}' >\n\n  <div class=\"product-category col\" data-animate=\"fadeInLeft\">\n            <div class=\"col-inner\">\n              <a aria-label=\"Truy c\u1eadp danh m\u1ee5c s\u1ea3n ph\u1ea9m \u00c1o d\u00e0i nam\" href=\"https:\/\/dauson.com.vn\/index.php\/product-category\/ao-dai-nam\/\">                <div class=\"box box-category has-hover box-overlay dark box-text-middle \">\n                <div class=\"box-image\" >\n                  <div class=\"image-zoom image-glow image-cover\" style=\"padding-top:87%;\">\n                  <img loading=\"lazy\" decoding=\"async\" src=\"https:\/\/dauson.com.vn\/wp-content\/uploads\/2025\/09\/pexels-vo-van-ti-n-2037497312-33936313-300x300.jpg\" alt=\"\u00c1o d\u00e0i nam\" width=\"300\" height=\"300\" \/>                  <div class=\"overlay\" style=\"background-color: 1\"><\/div>                                    <\/div>\n                <\/div>\n                <div class=\"box-text text-center\" >\n                  <div class=\"box-text-inner\">\n                      <h5 class=\"uppercase header-title\">\n                              \u00c1o d\u00e0i nam                      <\/h5>\n                                            <p class=\"is-xsmall uppercase count show-on-hover hover-reveal reveal-small\">\n\t                      1 S\u1ea3n ph\u1ea9m                      <\/p>\n                                            \n                  <\/div>\n                <\/div>\n                <\/div>\n            <\/a>            <\/div>\n            <\/div><div class=\"product-category col\" data-animate=\"fadeInLeft\">\n            <div class=\"col-inner\">\n              <a aria-label=\"Truy c\u1eadp danh m\u1ee5c s\u1ea3n ph\u1ea9m \u00c1o d\u00e0i n\u1eef\" href=\"https:\/\/dauson.com.vn\/index.php\/product-category\/ao-dai-nu\/\">                <div class=\"box box-category has-hover box-overlay dark box-text-middle \">\n                <div class=\"box-image\" >\n                  <div class=\"image-zoom image-glow image-cover\" style=\"padding-top:87%;\">\n                  <img loading=\"lazy\" decoding=\"async\" src=\"https:\/\/dauson.com.vn\/wp-content\/uploads\/2025\/09\/pexels-dwanghong-29270609-300x300.jpg\" alt=\"\u00c1o d\u00e0i n\u1eef\" width=\"300\" height=\"300\" \/>                  <div class=\"overlay\" style=\"background-color: 1\"><\/div>                                    <\/div>\n                <\/div>\n                <div class=\"box-text text-center\" >\n                  <div class=\"box-text-inner\">\n                      <h5 class=\"uppercase header-title\">\n                              \u00c1o d\u00e0i n\u1eef                      <\/h5>\n                                            <p class=\"is-xsmall uppercase count show-on-hover hover-reveal reveal-small\">\n\t                      3 S\u1ea3n ph\u1ea9m                      <\/p>\n                                            \n                  <\/div>\n                <\/div>\n                <\/div>\n            <\/a>            <\/div>\n            <\/div><div class=\"product-category col\" data-animate=\"fadeInLeft\">\n            <div class=\"col-inner\">\n              <a aria-label=\"Truy c\u1eadp danh m\u1ee5c s\u1ea3n ph\u1ea9m \u00c1o d\u00e0i truy\u1ec1n th\u1ed1ng\" href=\"https:\/\/dauson.com.vn\/index.php\/product-category\/ao-dai-truyen-thong\/\">                <div class=\"box box-category has-hover box-overlay dark box-text-middle \">\n                <div class=\"box-image\" >\n                  <div class=\"image-zoom image-glow image-cover\" style=\"padding-top:87%;\">\n                  <img loading=\"lazy\" decoding=\"async\" src=\"https:\/\/dauson.com.vn\/wp-content\/uploads\/2025\/09\/pexels-nguy-n-xuan-trung-315570-899757-300x300.jpg\" alt=\"\u00c1o d\u00e0i truy\u1ec1n th\u1ed1ng\" width=\"300\" height=\"300\" \/>                  <div class=\"overlay\" style=\"background-color: 1\"><\/div>                                    <\/div>\n                <\/div>\n                <div class=\"box-text text-center\" >\n                  <div class=\"box-text-inner\">\n                      <h5 class=\"uppercase header-title\">\n                              \u00c1o d\u00e0i truy\u1ec1n th\u1ed1ng                      <\/h5>\n                                            <p class=\"is-xsmall uppercase count show-on-hover hover-reveal reveal-small\">\n\t                      4 S\u1ea3n ph\u1ea9m                      <\/p>\n                                            \n                  <\/div>\n                <\/div>\n                <\/div>\n            <\/a>            <\/div>\n            <\/div><div class=\"product-category col\" data-animate=\"fadeInLeft\">\n            <div class=\"col-inner\">\n              <a aria-label=\"Truy c\u1eadp danh m\u1ee5c s\u1ea3n ph\u1ea9m B\u00e1n ch\u1ea1y\" href=\"https:\/\/dauson.com.vn\/index.php\/product-category\/ban-chay\/\">                <div class=\"box box-category has-hover box-overlay dark box-text-middle \">\n                <div class=\"box-image\" >\n                  <div class=\"image-zoom image-glow image-cover\" style=\"padding-top:87%;\">\n                  <img loading=\"lazy\" decoding=\"async\" src=\"https:\/\/dauson.com.vn\/wp-content\/uploads\/2025\/09\/pexels-soldiervip-33111418-300x300.jpg\" alt=\"B\u00e1n ch\u1ea1y\" width=\"300\" height=\"300\" \/>                  <div class=\"overlay\" style=\"background-color: 1\"><\/div>                                    <\/div>\n                <\/div>\n                <div class=\"box-text text-center\" >\n                  <div class=\"box-text-inner\">\n                      <h5 class=\"uppercase header-title\">\n                              B\u00e1n ch\u1ea1y                      <\/h5>\n                                            <p class=\"is-xsmall uppercase count show-on-hover hover-reveal reveal-small\">\n\t                      1 S\u1ea3n ph\u1ea9m                      <\/p>\n                                            \n                  <\/div>\n                <\/div>\n                <\/div>\n            <\/a>            <\/div>\n            <\/div><\/div>\n\n\n","protected":false},"excerpt":{"rendered":"","protected":false},"author":1,"featured_media":0,"parent":0,"menu_order":0,"comment_status":"closed","ping_status":"closed","template":"","meta":{"footnotes":""},"class_list":["post-29","page","type-page","status-publish","hentry"],"_links":{"self":[{"href":"https:\/\/dauson.com.vn\/index.php\/wp-json\/wp\/v2\/pages\/29","targetHints":{"allow":["GET"]}}],"collection":[{"href":"https:\/\/dauson.com.vn\/index.php\/wp-json\/wp\/v2\/pages"}],"about":[{"href":"https:\/\/dauson.com.vn\/index.php\/wp-json\/wp\/v2\/types\/page"}],"author":[{"embeddable":true,"href":"https:\/\/dauson.com.vn\/index.php\/wp-json\/wp\/v2\/users\/1"}],"replies":[{"embeddable":true,"href":"https:\/\/dauson.com.vn\/index.php\/wp-json\/wp\/v2\/comments?post=29"}],"version-history":[{"count":2,"href":"https:\/\/dauson.com.vn\/index.php\/wp-json\/wp\/v2\/pages\/29\/revisions"}],"predecessor-version":[{"id":220,"href":"https:\/\/dauson.com.vn\/index.php\/wp-json\/wp\/v2\/pages\/29\/revisions\/220"}],"wp:attachment":[{"href":"https:\/\/dauson.com.vn\/index.php\/wp-json\/wp\/v2\/media?parent=29"}],"curies":[{"name":"wp","href":"https:\/\/api.w.org\/{rel}","templated":true}]}}