{"id":57,"date":"2025-09-22T11:31:13","date_gmt":"2025-09-22T11:31:13","guid":{"rendered":"https:\/\/dauson.com.vn\/?page_id=57"},"modified":"2025-09-23T03:12:14","modified_gmt":"2025-09-23T03:12:14","slug":"su-menh-tam-nhin","status":"publish","type":"page","link":"https:\/\/dauson.com.vn\/index.php\/su-menh-tam-nhin\/","title":{"rendered":"S\u1ee9 m\u1ec7nh &#038; t\u1ea7m nh\u00ecn"},"content":{"rendered":"\n\n  <div class=\"banner has-hover has-parallax\" id=\"banner-880467337\">\n          <div class=\"banner-inner fill\">\n        <div class=\"banner-bg fill\" data-parallax=\"-3\" data-parallax-container=\".banner\" data-parallax-background>\n            <img loading=\"lazy\" decoding=\"async\" width=\"1920\" height=\"1346\" src=\"https:\/\/dauson.com.vn\/wp-content\/uploads\/2025\/09\/pexels-vo-van-ti-n-2037497312-29573047.jpg\" class=\"bg attachment-original size-original\" alt=\"\" \/>                                    \n                    <\/div>\n\t\t\n        <div class=\"banner-layers container\">\n            <div class=\"fill banner-link\"><\/div>            \n\n   <div id=\"text-box-1242576226\" class=\"text-box banner-layer x50 md-x100 lg-x100 y50 md-y50 lg-y50 res-text\">\n                     <div data-animate=\"fadeInLeft\">           <div class=\"text-box-content text dark\">\n              \n              <div class=\"text-inner text-center\">\n                  \n\n<h3 class=\"alt-font\"><strong style=\"font-size: 20.16px; text-transform: uppercase; font-family: Arial, 'Times New Roman', 'Bitstream Charter', Times, serif;\">T\u1ea7m NH\u00ccN<\/strong><\/h3>\n<h3 class=\"alt-font\"><strong style=\"font-size: 20.16px; text-transform: uppercase; font-family: Arial, 'Times New Roman', 'Bitstream Charter', Times, serif;\">\u0110\u1ed2NG H\u00c0NH C\u00d9NG PH\u1ee4C N\u1eee VI\u1ec6T<\/strong><\/h3>\n<p><b>D\u1ea5u Son<\/b> kh\u00f4ng mong tr\u1edf th\u00e0nh th\u01b0\u01a1ng hi\u1ec7u l\u1edbn nh\u1ea5t. Ch\u00fang t\u00f4i khao kh\u00e1t tr\u1edf th\u00e0nh ng\u01b0\u1eddi b\u1ea1n \u0111\u1ed3ng h\u00e0nh th\u00e2n thi\u1ebft, c\u00f9ng b\u1ea1n \u0111i qua nh\u1eefng c\u1ed9t m\u1ed1c quan tr\u1ecdng nh\u1ea5t c\u1ee7a cu\u1ed9c \u0111\u1eddi.<\/p>\n<p>\u00a0<\/p>\n\n              <\/div>\n           <\/div>\n       <\/div>                     \n<style>\n#text-box-1242576226 {\n  width: 80%;\n}\n#text-box-1242576226 .text-box-content {\n  font-size: 100%;\n}\n@media (min-width:550px) {\n  #text-box-1242576226 {\n    width: 41%;\n  }\n}\n<\/style>\n    <\/div>\n \n\n        <\/div>\n      <\/div>\n\n            \n<style>\n#banner-880467337 {\n  padding-top: 540px;\n}\n#banner-880467337 .overlay {\n  background-color: rgba(0, 0, 0, 0.3);\n}\n#banner-880467337 .banner-bg img {\n  object-position: 35% 23%;\n}\n<\/style>\n  <\/div>\n\n\n\n  <div class=\"banner has-hover has-parallax\" id=\"banner-405954166\">\n          <div class=\"banner-inner fill\">\n        <div class=\"banner-bg fill\" data-parallax=\"-3\" data-parallax-container=\".banner\" data-parallax-background>\n            <img loading=\"lazy\" decoding=\"async\" width=\"1020\" height=\"691\" src=\"https:\/\/dauson.com.vn\/wp-content\/uploads\/2025\/09\/pexels-vo-van-ti-n-2037497312-29435473-1024x694.jpg\" class=\"bg attachment-large size-large\" alt=\"\" \/>                                    \n                    <\/div>\n\t\t\n        <div class=\"banner-layers container\">\n            <div class=\"fill banner-link\"><\/div>            \n\n   <div id=\"text-box-1056690769\" class=\"text-box banner-layer x50 md-x100 lg-x100 y50 md-y90 lg-y90 res-text\">\n                                <div class=\"text-box-content text dark\">\n              \n              <div class=\"text-inner text-center\">\n                  \n\n<h3 class=\"uppercase\"><strong>S\u1ee8 M\u1ec6NH<\/strong><\/h3>\n<h4>T\u00d4N D\u00c1NG VI\u1ec6T, GI\u1eee N\u00c9T XU\u00c2N<\/h4>\n<p>Gi\u00fap ph\u1ee5 n\u1eef c\u1ea3m th\u1ea5y t\u1ef1 h\u00e0o v\u1ec1 b\u1ea3n th\u00e2n, \u0111\u1ec3 m\u1ed7i kho\u1ea3nh kh\u1eafc \u0111\u1ec1u tr\u1edf th\u00e0nh m\u1ed9t <b>&#8220;d\u1ea5u son&#8221;<\/b> \u0111\u00e1ng nh\u1edb trong cu\u1ed9c \u0111\u1eddi.<\/p>\n\n              <\/div>\n           <\/div>\n                            \n<style>\n#text-box-1056690769 {\n  width: 82%;\n}\n#text-box-1056690769 .text-box-content {\n  font-size: 100%;\n}\n@media (min-width:550px) {\n  #text-box-1056690769 {\n    width: 41%;\n  }\n}\n<\/style>\n    <\/div>\n \n\n        <\/div>\n      <\/div>\n\n            \n<style>\n#banner-405954166 {\n  padding-top: 540px;\n  background-color: rgb(113, 117, 186);\n}\n#banner-405954166 .banner-bg img {\n  object-position: 60% 16%;\n}\n<\/style>\n  <\/div>\n\n\n\n","protected":false},"excerpt":{"rendered":"","protected":false},"author":1,"featured_media":0,"parent":0,"menu_order":0,"comment_status":"closed","ping_status":"closed","template":"page-blank.php","meta":{"footnotes":""},"class_list":["post-57","page","type-page","status-publish","hentry"],"_links":{"self":[{"href":"https:\/\/dauson.com.vn\/index.php\/wp-json\/wp\/v2\/pages\/57","targetHints":{"allow":["GET"]}}],"collection":[{"href":"https:\/\/dauson.com.vn\/index.php\/wp-json\/wp\/v2\/pages"}],"about":[{"href":"https:\/\/dauson.com.vn\/index.php\/wp-json\/wp\/v2\/types\/page"}],"author":[{"embeddable":true,"href":"https:\/\/dauson.com.vn\/index.php\/wp-json\/wp\/v2\/users\/1"}],"replies":[{"embeddable":true,"href":"https:\/\/dauson.com.vn\/index.php\/wp-json\/wp\/v2\/comments?post=57"}],"version-history":[{"count":8,"href":"https:\/\/dauson.com.vn\/index.php\/wp-json\/wp\/v2\/pages\/57\/revisions"}],"predecessor-version":[{"id":124,"href":"https:\/\/dauson.com.vn\/index.php\/wp-json\/wp\/v2\/pages\/57\/revisions\/124"}],"wp:attachment":[{"href":"https:\/\/dauson.com.vn\/index.php\/wp-json\/wp\/v2\/media?parent=57"}],"curies":[{"name":"wp","href":"https:\/\/api.w.org\/{rel}","templated":true}]}}