{"id":66,"date":"2025-09-22T11:39:39","date_gmt":"2025-09-22T11:39:39","guid":{"rendered":"https:\/\/dauson.com.vn\/?page_id=66"},"modified":"2025-09-23T03:32:03","modified_gmt":"2025-09-23T03:32:03","slug":"gia-tri-cot-loi-2","status":"publish","type":"page","link":"https:\/\/dauson.com.vn\/index.php\/gia-tri-cot-loi-2\/","title":{"rendered":"Gi\u00e1 tr\u1ecb c\u1ed1t l\u00f5i"},"content":{"rendered":"\n<div class=\"slider-wrapper relative\" id=\"slider-2106526024\" >\n    <div class=\"slider slider-nav-simple slider-nav-normal slider-nav-light slider-style-normal slider-show-nav\"\n        data-flickity-options='{\n            \"cellAlign\": \"center\",\n            \"imagesLoaded\": true,\n            \"lazyLoad\": 1,\n            \"freeScroll\": false,\n            \"wrapAround\": false,\n            \"autoPlay\": 6000,\n            \"pauseAutoPlayOnHover\" : true,\n            \"prevNextButtons\": true,\n            \"contain\" : true,\n            \"adaptiveHeight\" : true,\n            \"dragThreshold\" : 10,\n            \"percentPosition\": true,\n            \"pageDots\": false,\n            \"rightToLeft\": false,\n            \"draggable\": true,\n            \"selectedAttraction\": 0.1,\n            \"parallax\" : 2,\n            \"friction\": 0.6        }'\n        >\n        \n\n\n  <div class=\"banner has-hover is-full-height\" id=\"banner-940553893\">\n          <div class=\"banner-inner fill\">\n        <div class=\"banner-bg fill\" >\n            <img loading=\"lazy\" decoding=\"async\" width=\"2560\" height=\"1744\" src=\"https:\/\/dauson.com.vn\/wp-content\/uploads\/2025\/09\/pexels-vo-van-ti-n-2037497312-29327940-1-scaled.jpg\" class=\"bg attachment-original size-original\" alt=\"\" \/>                        <div class=\"overlay\"><\/div>            \n                    <\/div>\n\t\t\n        <div class=\"banner-layers container\">\n            <div class=\"fill banner-link\"><\/div>            \n\n   <div id=\"text-box-1604430710\" class=\"text-box banner-layer x5 md-x5 lg-x5 y20 md-y20 lg-y20 res-text\">\n                                <div class=\"text-box-content text dark\">\n              \n              <div class=\"text-inner text-left\">\n                  \n\n<h2 class=\"uppercase\"><span style=\"font-size: 100%;\"><strong>GI\u00c1 TR\u1eca C\u1ed0T L\u00d5I<\/strong><\/span><\/h2>\n<div id=\"model-response-message-contentr_aeb2dfded3027598\" class=\"markdown markdown-main-panel enable-updated-hr-color\" dir=\"ltr\">\n<h4><b>1. Tr\u00e2n tr\u1ecdng v\u1ebb \u0111\u1eb9p Vi\u1ec7t<\/b><\/h4>\n<p>Ch\u00fang t\u00f4i tin r\u1eb1ng v\u1ebb \u0111\u1eb9p c\u1ee7a ng\u01b0\u1eddi ph\u1ee5 n\u1eef Vi\u1ec7t Nam l\u00e0 \u0111\u1ed9c nh\u1ea5t v\u00e0 \u0111\u00e1ng \u0111\u01b0\u1ee3c t\u00f4n vinh. D\u1ea5u Son kh\u00f4ng ch\u1ea1y theo xu h\u01b0\u1edbng, m\u00e0 t\u1eadp trung v\u00e0o vi\u1ec7c t\u1ea1o ra nh\u1eefng thi\u1ebft k\u1ebf \u00e1o d\u00e0i tinh t\u1ebf, hi\u1ec7n \u0111\u1ea1i nh\u01b0ng v\u1eabn gi\u1eef tr\u1ecdn v\u1eb9n n\u00e9t duy\u00ean d\u00e1ng, thanh l\u1ecbch truy\u1ec1n th\u1ed1ng. M\u1ed7i s\u1ea3n ph\u1ea9m l\u00e0 s\u1ef1 tr\u00e2n tr\u1ecdng v\u00e0 t\u1ef1 h\u00e0o v\u1ec1 b\u1ea3n s\u1eafc v\u0103n h\u00f3a d\u00e2n t\u1ed9c.<\/p>\n<p>\u00a0<\/p>\n<\/div>\n\n              <\/div>\n           <\/div>\n                            \n<style>\n#text-box-1604430710 {\n  width: 78%;\n}\n#text-box-1604430710 .text-box-content {\n  font-size: 125%;\n}\n@media (min-width:550px) {\n  #text-box-1604430710 {\n    width: 69%;\n  }\n  #text-box-1604430710 .text-box-content {\n    font-size: 100%;\n  }\n}\n<\/style>\n    <\/div>\n \n\n        <\/div>\n      <\/div>\n\n            \n<style>\n#banner-940553893 {\n  padding-top: 100%;\n}\n#banner-940553893 .overlay {\n  background-color: rgba(0, 0, 0, 0.17);\n}\n#banner-940553893 .banner-bg img {\n  object-position: 30% 57%;\n}\n<\/style>\n  <\/div>\n\n\n\n  <div class=\"banner has-hover is-full-height\" id=\"banner-1605465953\">\n          <div class=\"banner-inner fill\">\n        <div class=\"banner-bg fill\" >\n            <img loading=\"lazy\" decoding=\"async\" width=\"2560\" height=\"1707\" src=\"https:\/\/dauson.com.vn\/wp-content\/uploads\/2025\/09\/pexels-huynh-van-75710069-9300689-scaled.jpg\" class=\"bg attachment-original size-original\" alt=\"\" \/>                        <div class=\"overlay\"><\/div>            \n                    <\/div>\n\t\t\n        <div class=\"banner-layers container\">\n            <div class=\"fill banner-link\"><\/div>            \n\n   <div id=\"text-box-1010991479\" class=\"text-box banner-layer x5 md-x5 lg-x5 y10 md-y10 lg-y10 res-text\">\n                                <div class=\"text-box-content text dark\">\n              \n              <div class=\"text-inner text-left\">\n                  \n\n<h4><b>2. Tinh t\u1ebf v\u00e0 T\u1ec9 m\u1ec9<\/b><\/h4>\n<p>S\u1ef1 tinh t\u1ebf kh\u00f4ng ch\u1ec9 n\u1eb1m \u1edf thi\u1ebft k\u1ebf m\u00e0 c\u00f2n th\u1ec3 hi\u1ec7n trong t\u1eebng \u0111\u01b0\u1eddng kim m\u0169i ch\u1ec9. D\u1ea5u Son ch\u00fa tr\u1ecdng v\u00e0o s\u1ef1 t\u1ec9 m\u1ec9, t\u1eeb vi\u1ec7c l\u1ef1a ch\u1ecdn ch\u1ea5t li\u1ec7u cao c\u1ea5p, phom d\u00e1ng chu\u1ea9n m\u1ef1c, \u0111\u1ebfn s\u1ef1 ho\u00e0n thi\u1ec7n c\u1ee7a t\u1eebng chi ti\u1ebft nh\u1ecf. \u0110\u00e2y l\u00e0 c\u00e1ch ch\u00fang t\u00f4i th\u1ec3 hi\u1ec7n s\u1ef1 t\u00f4n tr\u1ecdng v\u00e0 cam k\u1ebft mang l\u1ea1i s\u1ea3n ph\u1ea9m t\u1ed1t nh\u1ea5t cho kh\u00e1ch h\u00e0ng.<\/p>\n<p>\u00a0<\/p>\n\n              <\/div>\n           <\/div>\n                            \n<style>\n#text-box-1010991479 {\n  width: 78%;\n}\n#text-box-1010991479 .text-box-content {\n  font-size: 125%;\n}\n@media (min-width:550px) {\n  #text-box-1010991479 {\n    width: 45%;\n  }\n  #text-box-1010991479 .text-box-content {\n    font-size: 100%;\n  }\n}\n<\/style>\n    <\/div>\n \n\n        <\/div>\n      <\/div>\n\n            \n<style>\n#banner-1605465953 {\n  padding-top: 100%;\n}\n#banner-1605465953 .overlay {\n  background-color: rgba(0, 0, 0, 0.17);\n}\n#banner-1605465953 .banner-bg img {\n  object-position: 62% 18%;\n}\n<\/style>\n  <\/div>\n\n\n\n  <div class=\"banner has-hover is-full-height\" id=\"banner-1030865248\">\n          <div class=\"banner-inner fill\">\n        <div class=\"banner-bg fill\" >\n            <img loading=\"lazy\" decoding=\"async\" width=\"1920\" height=\"1281\" src=\"https:\/\/dauson.com.vn\/wp-content\/uploads\/2025\/09\/pexels-quang-nguyen-vinh-222549-2175270.jpg\" class=\"bg attachment-original size-original\" alt=\"\" \/>                        <div class=\"overlay\"><\/div>            \n                    <\/div>\n\t\t\n        <div class=\"banner-layers container\">\n            <div class=\"fill banner-link\"><\/div>            \n\n   <div id=\"text-box-1271139105\" class=\"text-box banner-layer x5 md-x5 lg-x5 y25 md-y25 lg-y25 res-text\">\n                                <div class=\"text-box-content text dark\">\n              \n              <div class=\"text-inner text-left\">\n                  \n\n<h4><b>3. Truy\u1ec1n c\u1ea3m h\u1ee9ng<\/b><\/h4>\n<p>D\u1ea5u Son kh\u00f4ng ch\u1ec9 b\u00e1n trang ph\u1ee5c, m\u00e0 c\u00f2n truy\u1ec1n c\u1ea3m h\u1ee9ng v\u1ec1 s\u1ef1 t\u1ef1 tin v\u00e0 y\u00eau th\u01b0\u01a1ng b\u1ea3n th\u00e2n. Ch\u00fang t\u00f4i mu\u1ed1n m\u1ed7i ng\u01b0\u1eddi ph\u1ee5 n\u1eef khi kho\u00e1c l\u00ean m\u00ecnh t\u00e0 \u00e1o d\u00e0i \u0111\u1ec1u c\u1ea3m th\u1ea5y m\u00ecnh th\u1eadt r\u1ea1ng r\u1ee1, t\u1ef1 h\u00e0o v\u00e0 s\u1eb5n s\u00e0ng t\u1ecfa s\u00e1ng, t\u1ea1o n\u00ean nh\u1eefng d\u1ea5u \u1ea5n \u0111\u00e1ng nh\u1edb trong cu\u1ed9c \u0111\u1eddi.<\/p>\n\n              <\/div>\n           <\/div>\n                            \n<style>\n#text-box-1271139105 {\n  width: 78%;\n}\n#text-box-1271139105 .text-box-content {\n  font-size: 125%;\n}\n@media (min-width:550px) {\n  #text-box-1271139105 {\n    width: 45%;\n  }\n  #text-box-1271139105 .text-box-content {\n    font-size: 100%;\n  }\n}\n<\/style>\n    <\/div>\n \n\n        <\/div>\n      <\/div>\n\n            \n<style>\n#banner-1030865248 {\n  padding-top: 100%;\n}\n#banner-1030865248 .overlay {\n  background-color: rgba(0, 0, 0, 0.17);\n}\n#banner-1030865248 .banner-bg img {\n  object-position: 74% 14%;\n}\n<\/style>\n  <\/div>\n\n\n\n     <\/div>\n\n     <div class=\"loading-spin dark large centered\"><\/div>\n\n\t<\/div>\n\n\n\n","protected":false},"excerpt":{"rendered":"","protected":false},"author":1,"featured_media":0,"parent":0,"menu_order":0,"comment_status":"closed","ping_status":"closed","template":"page-transparent-header-light.php","meta":{"footnotes":""},"class_list":["post-66","page","type-page","status-publish","hentry"],"_links":{"self":[{"href":"https:\/\/dauson.com.vn\/index.php\/wp-json\/wp\/v2\/pages\/66","targetHints":{"allow":["GET"]}}],"collection":[{"href":"https:\/\/dauson.com.vn\/index.php\/wp-json\/wp\/v2\/pages"}],"about":[{"href":"https:\/\/dauson.com.vn\/index.php\/wp-json\/wp\/v2\/types\/page"}],"author":[{"embeddable":true,"href":"https:\/\/dauson.com.vn\/index.php\/wp-json\/wp\/v2\/users\/1"}],"replies":[{"embeddable":true,"href":"https:\/\/dauson.com.vn\/index.php\/wp-json\/wp\/v2\/comments?post=66"}],"version-history":[{"count":8,"href":"https:\/\/dauson.com.vn\/index.php\/wp-json\/wp\/v2\/pages\/66\/revisions"}],"predecessor-version":[{"id":134,"href":"https:\/\/dauson.com.vn\/index.php\/wp-json\/wp\/v2\/pages\/66\/revisions\/134"}],"wp:attachment":[{"href":"https:\/\/dauson.com.vn\/index.php\/wp-json\/wp\/v2\/media?parent=66"}],"curies":[{"name":"wp","href":"https:\/\/api.w.org\/{rel}","templated":true}]}}