{"id":139,"date":"2025-09-23T09:40:53","date_gmt":"2025-09-23T09:40:53","guid":{"rendered":"https:\/\/dauson.com.vn\/?post_type=product&#038;p=139"},"modified":"2025-09-23T09:40:53","modified_gmt":"2025-09-23T09:40:53","slug":"ao-dai-lua-do","status":"publish","type":"product","link":"https:\/\/dauson.com.vn\/index.php\/product\/ao-dai-lua-do\/","title":{"rendered":"\u00c1o d\u00e0i l\u1ee5a \u0111\u1ecf"},"content":{"rendered":"<p><b>\u00c1o d\u00e0i l\u1ee5a \u0111\u1ecf D\u1ea5u Son &#8211; S\u1eafc son r\u1ea1ng ng\u1eddi, ghi d\u1ea5u h\u1ea1nh ph\u00fac<\/b><\/p>\n<p>Trong v\u0103n h\u00f3a Vi\u1ec7t Nam, m\u00e0u \u0111\u1ecf t\u01b0\u1ee3ng tr\u01b0ng cho s\u1ef1 may m\u1eafn, h\u1ea1nh ph\u00fac v\u00e0 t\u00ecnh y\u00eau n\u1ed3ng n\u00e0n. Chi\u1ebfc \u00e1o d\u00e0i l\u1ee5a \u0111\u1ecf c\u1ee7a D\u1ea5u Son \u0111\u01b0\u1ee3c t\u1ea1o ra \u0111\u1ec3 t\u00f4n vinh nh\u1eefng kho\u1ea3nh kh\u1eafc \u0111\u00e1ng nh\u1edb nh\u1ea5t c\u1ee7a b\u1ea1n, t\u1eeb l\u1ec5 c\u01b0\u1edbi tr\u1ecdng \u0111\u1ea1i \u0111\u1ebfn nh\u1eefng bu\u1ed5i ti\u1ec7c \u1ea5m c\u00fang, hay nh\u1eefng ng\u00e0y \u0111\u1ea7u n\u0103m r\u1ef1c r\u1ee1.<\/p>\n<p>Ch\u1ea5t li\u1ec7u l\u1ee5a cao c\u1ea5p mang l\u1ea1i s\u1ef1 m\u1ec1m m\u1ea1i, nh\u1eb9 nh\u00e0ng \u00f4m l\u1ea5y v\u00f3c d\u00e1ng, gi\u00fap b\u1ea1n t\u1ef1 tin t\u1ecfa s\u00e1ng m\u00e0 v\u1eabn tho\u1ea3i m\u00e1i tuy\u1ec7t \u0111\u1ed1i. T\u1eebng \u0111\u01b0\u1eddng c\u1eaft may t\u1ec9 m\u1ec9, t\u00f4n l\u00ean v\u00f2ng eo thon g\u1ecdn v\u00e0 b\u1edd vai m\u1ec1m m\u1ea1i c\u1ee7a ng\u01b0\u1eddi ph\u1ee5 n\u1eef, l\u00e0 l\u1eddi kh\u1eb3ng \u0111\u1ecbnh cho s\u1ef1 tr\u00e2n tr\u1ecdng m\u00e0 D\u1ea5u Son d\u00e0nh cho v\u1ebb \u0111\u1eb9p c\u1ee7a b\u1ea1n.<\/p>\n<p>Kho\u00e1c l\u00ean m\u00ecnh t\u00e0 \u00e1o d\u00e0i l\u1ee5a \u0111\u1ecf D\u1ea5u Son, b\u1ea1n kh\u00f4ng ch\u1ec9 m\u1eb7c m\u1ed9t trang ph\u1ee5c. B\u1ea1n \u0111ang kho\u00e1c l\u00ean m\u00ecnh ni\u1ec1m h\u1ea1nh ph\u00fac, s\u1ef1 t\u1ef1 tin v\u00e0 v\u1ebb \u0111\u1eb9p ki\u00eau sa, r\u1ea1ng ng\u1eddi, s\u1eb5n s\u00e0ng ghi l\u1ea1i nh\u1eefng &#8220;d\u1ea5u son&#8221; \u0111\u1eb9p nh\u1ea5t trong cu\u1ed9c \u0111\u1eddi.<\/p>\n","protected":false},"excerpt":{"rendered":"<p>\u00c1o d\u00e0i l\u1ee5a \u0111\u1ecf D\u1ea5u Son &#8211; S\u1eafc son r\u1ea1ng ng\u1eddi, ghi d\u1ea5u h\u1ea1nh ph\u00fac Trong v\u0103n h\u00f3a Vi\u1ec7t Nam, m\u00e0u \u0111\u1ecf t\u01b0\u1ee3ng tr\u01b0ng cho s\u1ef1 may m\u1eafn, h\u1ea1nh ph\u00fac v\u00e0 t\u00ecnh y\u00eau n\u1ed3ng n\u00e0n. Chi\u1ebfc \u00e1o d\u00e0i l\u1ee5a \u0111\u1ecf c\u1ee7a D\u1ea5u Son \u0111\u01b0\u1ee3c t\u1ea1o ra \u0111\u1ec3 t\u00f4n vinh nh\u1eefng kho\u1ea3nh kh\u1eafc \u0111\u00e1ng nh\u1edb nh\u1ea5t [&#8230;]\n","protected":false},"featured_media":142,"comment_status":"open","ping_status":"closed","template":"","meta":[],"product_brand":[],"product_cat":[23,24],"product_tag":[],"class_list":{"0":"post-139","1":"product","2":"type-product","3":"status-publish","4":"has-post-thumbnail","6":"product_cat-ao-dai-nu","7":"product_cat-ao-dai-truyen-thong","9":"first","10":"instock","11":"taxable","12":"shipping-taxable","13":"purchasable","14":"product-type-simple"},"_links":{"self":[{"href":"https:\/\/dauson.com.vn\/index.php\/wp-json\/wp\/v2\/product\/139","targetHints":{"allow":["GET"]}}],"collection":[{"href":"https:\/\/dauson.com.vn\/index.php\/wp-json\/wp\/v2\/product"}],"about":[{"href":"https:\/\/dauson.com.vn\/index.php\/wp-json\/wp\/v2\/types\/product"}],"replies":[{"embeddable":true,"href":"https:\/\/dauson.com.vn\/index.php\/wp-json\/wp\/v2\/comments?post=139"}],"wp:featuredmedia":[{"embeddable":true,"href":"https:\/\/dauson.com.vn\/index.php\/wp-json\/wp\/v2\/media\/142"}],"wp:attachment":[{"href":"https:\/\/dauson.com.vn\/index.php\/wp-json\/wp\/v2\/media?parent=139"}],"wp:term":[{"taxonomy":"product_brand","embeddable":true,"href":"https:\/\/dauson.com.vn\/index.php\/wp-json\/wp\/v2\/product_brand?post=139"},{"taxonomy":"product_cat","embeddable":true,"href":"https:\/\/dauson.com.vn\/index.php\/wp-json\/wp\/v2\/product_cat?post=139"},{"taxonomy":"product_tag","embeddable":true,"href":"https:\/\/dauson.com.vn\/index.php\/wp-json\/wp\/v2\/product_tag?post=139"}],"curies":[{"name":"wp","href":"https:\/\/api.w.org\/{rel}","templated":true}]}}