{"id":143,"date":"2025-09-23T09:44:55","date_gmt":"2025-09-23T09:44:55","guid":{"rendered":"https:\/\/dauson.com.vn\/?post_type=product&#038;p=143"},"modified":"2025-09-23T10:26:04","modified_gmt":"2025-09-23T10:26:04","slug":"ao-dai-lua-den","status":"publish","type":"product","link":"https:\/\/dauson.com.vn\/index.php\/product\/ao-dai-lua-den\/","title":{"rendered":"\u00c1o d\u00e0i l\u1ee5a \u0111en"},"content":{"rendered":"<p><b>\u00c1o d\u00e0i l\u1ee5a \u0111en D\u1ea5u Son &#8211; V\u1ebb \u0111\u1eb9p huy\u1ec1n b\u00ed, s\u1ee9c h\u00fat v\u01b0\u1ee3t th\u1eddi gian<\/b><\/p>\n<p>M\u00e0u \u0111en lu\u00f4n l\u00e0 bi\u1ec3u t\u01b0\u1ee3ng c\u1ee7a s\u1ef1 sang tr\u1ecdng, quy\u1ec1n l\u1ef1c v\u00e0 n\u00e9t huy\u1ec1n b\u00ed kh\u00f3 c\u01b0\u1ee1ng. Chi\u1ebfc \u00e1o d\u00e0i l\u1ee5a \u0111en c\u1ee7a D\u1ea5u Son \u0111\u01b0\u1ee3c t\u1ea1o ra d\u00e0nh cho nh\u1eefng ng\u01b0\u1eddi ph\u1ee5 n\u1eef hi\u1ec7n \u0111\u1ea1i, kh\u00f4ng ng\u1ea1i kh\u1eb3ng \u0111\u1ecbnh c\u00e1 t\u00ednh v\u00e0 v\u1ebb \u0111\u1eb9p n\u1ed9i t\u1ea1i.<\/p>\n<p>Ch\u1ea5t li\u1ec7u l\u1ee5a cao c\u1ea5p, m\u1ec1m m\u1ea1i \u00f4m l\u1ea5y v\u00f3c d\u00e1ng m\u1ed9t c\u00e1ch tinh t\u1ebf, t\u00f4n l\u00ean t\u1eebng \u0111\u01b0\u1eddng cong quy\u1ebfn r\u0169 m\u00e0 v\u1eabn \u0111\u1ea3m b\u1ea3o s\u1ef1 tho\u1ea3i m\u00e1i. Thi\u1ebft k\u1ebf t\u1ed1i gi\u1ea3n, lo\u1ea1i b\u1ecf nh\u1eefng chi ti\u1ebft r\u01b0\u1eddm r\u00e0 \u0111\u1ec3 t\u1eadp trung v\u00e0o phom d\u00e1ng chu\u1ea9n m\u1ef1c, mang l\u1ea1i v\u1ebb thanh l\u1ecbch v\u00e0 \u0111\u1eb3ng c\u1ea5p. \u00c1o d\u00e0i l\u1ee5a \u0111en D\u1ea5u Son ch\u00ednh l\u00e0 s\u1ef1 l\u1ef1a ch\u1ecdn ho\u00e0n h\u1ea3o cho nh\u1eefng s\u1ef1 ki\u1ec7n quan tr\u1ecdng, nh\u1eefng bu\u1ed5i ti\u1ec7c t\u1ed1i sang tr\u1ecdng hay \u0111\u01a1n gi\u1ea3n l\u00e0 khi b\u1ea1n mu\u1ed1n th\u1ec3 hi\u1ec7n m\u1ed9t v\u1ebb \u0111\u1eb9p b\u00ed \u1ea9n, \u0111\u1ea7y cu\u1ed1n h\u00fat.<\/p>\n<p>Kho\u00e1c l\u00ean m\u00ecnh chi\u1ebfc \u00e1o n\u00e0y, b\u1ea1n kh\u00f4ng ch\u1ec9 t\u1ecfa s\u00e1ng b\u1edfi v\u1ebb ngo\u00e0i, m\u00e0 c\u00f2n to\u00e1t l\u00ean th\u1ea7n th\u00e1i t\u1ef1 tin, b\u1ea3n l\u0129nh. H\u00e3y \u0111\u1ec3 D\u1ea5u Son gi\u00fap b\u1ea1n ghi l\u1ea1i m\u1ed9t <b>&#8220;d\u1ea5u son&#8221;<\/b> m\u1ea1nh m\u1ebd, kh\u00f4ng th\u1ec3 n\u00e0o qu\u00ean.<\/p>\n","protected":false},"excerpt":{"rendered":"<p>\u00c1o d\u00e0i l\u1ee5a \u0111en D\u1ea5u Son &#8211; V\u1ebb \u0111\u1eb9p huy\u1ec1n b\u00ed, s\u1ee9c h\u00fat v\u01b0\u1ee3t th\u1eddi gian M\u00e0u \u0111en lu\u00f4n l\u00e0 bi\u1ec3u t\u01b0\u1ee3ng c\u1ee7a s\u1ef1 sang tr\u1ecdng, quy\u1ec1n l\u1ef1c v\u00e0 n\u00e9t huy\u1ec1n b\u00ed kh\u00f3 c\u01b0\u1ee1ng. Chi\u1ebfc \u00e1o d\u00e0i l\u1ee5a \u0111en c\u1ee7a D\u1ea5u Son \u0111\u01b0\u1ee3c t\u1ea1o ra d\u00e0nh cho nh\u1eefng ng\u01b0\u1eddi ph\u1ee5 n\u1eef hi\u1ec7n \u0111\u1ea1i, kh\u00f4ng ng\u1ea1i [&#8230;]\n","protected":false},"featured_media":145,"comment_status":"open","ping_status":"closed","template":"","meta":[],"product_brand":[],"product_cat":[23,24,26],"product_tag":[],"class_list":{"0":"post-143","1":"product","2":"type-product","3":"status-publish","4":"has-post-thumbnail","6":"product_cat-ao-dai-nu","7":"product_cat-ao-dai-truyen-thong","8":"product_cat-ban-chay","10":"first","11":"instock","12":"taxable","13":"shipping-taxable","14":"purchasable","15":"product-type-simple"},"_links":{"self":[{"href":"https:\/\/dauson.com.vn\/index.php\/wp-json\/wp\/v2\/product\/143","targetHints":{"allow":["GET"]}}],"collection":[{"href":"https:\/\/dauson.com.vn\/index.php\/wp-json\/wp\/v2\/product"}],"about":[{"href":"https:\/\/dauson.com.vn\/index.php\/wp-json\/wp\/v2\/types\/product"}],"replies":[{"embeddable":true,"href":"https:\/\/dauson.com.vn\/index.php\/wp-json\/wp\/v2\/comments?post=143"}],"wp:featuredmedia":[{"embeddable":true,"href":"https:\/\/dauson.com.vn\/index.php\/wp-json\/wp\/v2\/media\/145"}],"wp:attachment":[{"href":"https:\/\/dauson.com.vn\/index.php\/wp-json\/wp\/v2\/media?parent=143"}],"wp:term":[{"taxonomy":"product_brand","embeddable":true,"href":"https:\/\/dauson.com.vn\/index.php\/wp-json\/wp\/v2\/product_brand?post=143"},{"taxonomy":"product_cat","embeddable":true,"href":"https:\/\/dauson.com.vn\/index.php\/wp-json\/wp\/v2\/product_cat?post=143"},{"taxonomy":"product_tag","embeddable":true,"href":"https:\/\/dauson.com.vn\/index.php\/wp-json\/wp\/v2\/product_tag?post=143"}],"curies":[{"name":"wp","href":"https:\/\/api.w.org\/{rel}","templated":true}]}}