{"id":156,"date":"2025-09-23T10:22:59","date_gmt":"2025-09-23T10:22:59","guid":{"rendered":"https:\/\/dauson.com.vn\/?post_type=product&#038;p=156"},"modified":"2025-09-28T08:18:45","modified_gmt":"2025-09-28T08:18:45","slug":"ao-dai-nam-ngu-than","status":"publish","type":"product","link":"https:\/\/dauson.com.vn\/index.php\/product\/ao-dai-nam-ngu-than\/","title":{"rendered":"\u00c1o d\u00e0i nam ng\u0169 th\u00e2n"},"content":{"rendered":"<p><b>\u00c1o d\u00e0i ng\u0169 th\u00e2n nam D\u1ea5u Son &#8211; H\u1ed3n c\u1ed1t Vi\u1ec7t, phong th\u00e1i tr\u01b0\u1ee3ng phu<\/b><\/p>\n<p>\u00c1o d\u00e0i ng\u0169 th\u00e2n kh\u00f4ng ch\u1ec9 l\u00e0 trang ph\u1ee5c m\u00e0 c\u00f2n l\u00e0 bi\u1ec3u t\u01b0\u1ee3ng c\u1ee7a phong th\u00e1i \u0111\u00e0n \u00f4ng Vi\u1ec7t Nam x\u01b0a: nho nh\u00e3, l\u1ecbch l\u00e3m nh\u01b0ng v\u1eabn \u0111\u1ea7y m\u1ea1nh m\u1ebd v\u00e0 c\u01b0\u01a1ng tr\u1ef1c. Chi\u1ebfc \u00e1o d\u00e0i ng\u0169 th\u00e2n c\u1ee7a D\u1ea5u Son \u0111\u01b0\u1ee3c thi\u1ebft k\u1ebf d\u1ef1a tr\u00ean phom d\u00e1ng truy\u1ec1n th\u1ed1ng, v\u1edbi 5 th\u00e2n \u00e1o t\u01b0\u1ee3ng tr\u01b0ng cho ng\u0169 lu\u00e2n (quan h\u1ec7 vua t\u00f4i, cha con, v\u1ee3 ch\u1ed3ng, anh em, b\u1ea1n b\u00e8), nh\u1eafc nh\u1edf v\u1ec1 \u0111\u1ea1o l\u00fd v\u00e0 s\u1ef1 t\u00f4n k\u00ednh.<\/p>\n<p>Ch\u00fang t\u00f4i s\u1eed d\u1ee5ng ch\u1ea5t li\u1ec7u v\u1ea3i cao c\u1ea5p, \u0111\u1ee9ng phom nh\u01b0ng v\u1eabn m\u1ec1m m\u1ea1i, mang l\u1ea1i c\u1ea3m gi\u00e1c tho\u1ea3i m\u00e1i v\u00e0 t\u1ef1 tin cho ng\u01b0\u1eddi m\u1eb7c. T\u1eebng \u0111\u01b0\u1eddng may tinh x\u1ea3o, c\u1ed5 \u00e1o \u0111\u1ee9ng, tay \u00e1o r\u1ed9ng v\u1eeba ph\u1ea3i, t\u1ea5t c\u1ea3 \u0111\u1ec1u \u0111\u01b0\u1ee3c ch\u0103m ch\u00fat t\u1ec9 m\u1ec9 \u0111\u1ec3 t\u00f4n l\u00ean v\u1ebb uy nghi, \u0111\u01b0\u1eddng b\u1ec7 c\u1ee7a ng\u01b0\u1eddi \u0111\u00e0n \u00f4ng.<\/p>\n<p>Kho\u00e1c l\u00ean m\u00ecnh chi\u1ebfc \u00e1o d\u00e0i ng\u0169 th\u00e2n D\u1ea5u Son, b\u1ea1n kh\u00f4ng ch\u1ec9 m\u1eb7c m\u1ed9t b\u1ed9 trang ph\u1ee5c m\u00e0 c\u00f2n kho\u00e1c l\u00ean m\u00ecnh c\u1ea3 m\u1ed9t di s\u1ea3n v\u0103n h\u00f3a, m\u1ed9t tinh th\u1ea7n d\u00e2n t\u1ed9c. \u0110\u00e2y l\u00e0 l\u1ef1a ch\u1ecdn ho\u00e0n h\u1ea3o cho nh\u1eefng d\u1ecbp l\u1ec5 t\u1ebft, s\u1ef1 ki\u1ec7n v\u0103n h\u00f3a, hay nh\u1eefng kho\u1ea3nh kh\u1eafc \u0111\u1eb7c bi\u1ec7t m\u00e0 b\u1ea1n mu\u1ed1n th\u1ec3 hi\u1ec7n s\u1ef1 tr\u00e2n tr\u1ecdng v\u1edbi gi\u00e1 tr\u1ecb truy\u1ec1n th\u1ed1ng.<\/p>\n","protected":false},"excerpt":{"rendered":"<p>\u00c1o d\u00e0i ng\u0169 th\u00e2n nam D\u1ea5u Son &#8211; H\u1ed3n c\u1ed1t Vi\u1ec7t, phong th\u00e1i tr\u01b0\u1ee3ng phu \u00c1o d\u00e0i ng\u0169 th\u00e2n kh\u00f4ng ch\u1ec9 l\u00e0 trang ph\u1ee5c m\u00e0 c\u00f2n l\u00e0 bi\u1ec3u t\u01b0\u1ee3ng c\u1ee7a phong th\u00e1i \u0111\u00e0n \u00f4ng Vi\u1ec7t Nam x\u01b0a: nho nh\u00e3, l\u1ecbch l\u00e3m nh\u01b0ng v\u1eabn \u0111\u1ea7y m\u1ea1nh m\u1ebd v\u00e0 c\u01b0\u01a1ng tr\u1ef1c. Chi\u1ebfc \u00e1o d\u00e0i ng\u0169 th\u00e2n c\u1ee7a [&#8230;]\n","protected":false},"featured_media":155,"comment_status":"open","ping_status":"closed","template":"","meta":[],"product_brand":[],"product_cat":[25,24],"product_tag":[31,30],"class_list":{"0":"post-156","1":"product","2":"type-product","3":"status-publish","4":"has-post-thumbnail","6":"product_cat-ao-dai-nam","7":"product_cat-ao-dai-truyen-thong","8":"product_tag-ban-chay","9":"product_tag-hang-moi-ve","11":"first","12":"instock","13":"taxable","14":"shipping-taxable","15":"purchasable","16":"product-type-simple"},"_links":{"self":[{"href":"https:\/\/dauson.com.vn\/index.php\/wp-json\/wp\/v2\/product\/156","targetHints":{"allow":["GET"]}}],"collection":[{"href":"https:\/\/dauson.com.vn\/index.php\/wp-json\/wp\/v2\/product"}],"about":[{"href":"https:\/\/dauson.com.vn\/index.php\/wp-json\/wp\/v2\/types\/product"}],"replies":[{"embeddable":true,"href":"https:\/\/dauson.com.vn\/index.php\/wp-json\/wp\/v2\/comments?post=156"}],"wp:featuredmedia":[{"embeddable":true,"href":"https:\/\/dauson.com.vn\/index.php\/wp-json\/wp\/v2\/media\/155"}],"wp:attachment":[{"href":"https:\/\/dauson.com.vn\/index.php\/wp-json\/wp\/v2\/media?parent=156"}],"wp:term":[{"taxonomy":"product_brand","embeddable":true,"href":"https:\/\/dauson.com.vn\/index.php\/wp-json\/wp\/v2\/product_brand?post=156"},{"taxonomy":"product_cat","embeddable":true,"href":"https:\/\/dauson.com.vn\/index.php\/wp-json\/wp\/v2\/product_cat?post=156"},{"taxonomy":"product_tag","embeddable":true,"href":"https:\/\/dauson.com.vn\/index.php\/wp-json\/wp\/v2\/product_tag?post=156"}],"curies":[{"name":"wp","href":"https:\/\/api.w.org\/{rel}","templated":true}]}}